{"id":8977,"date":"2025-01-10T21:01:54","date_gmt":"2025-01-11T02:01:54","guid":{"rendered":"https:\/\/fundaciondidaje.com\/?page_id=8977"},"modified":"2025-03-03T19:10:53","modified_gmt":"2025-03-04T00:10:53","slug":"recognitions","status":"publish","type":"page","link":"https:\/\/fundaciondidaje.com\/en\/recognitions\/","title":{"rendered":"Recognitions"},"content":{"rendered":"<section class=\"l-section wpb_row us_custom_a9be633b height_custom\"><div class=\"l-section-h i-cf\"><div class=\"g-cols vc_row via_flex valign_top type_default stacking_default\"><div class=\"vc_col-sm-12 wpb_column vc_column_container\"><div class=\"vc_column-inner\"><div class=\"wpb_wrapper\">[vc_custom_heading text=&#8221;Recognitions&#8221; font_container=&#8221;tag:h1|text_align:center|color:%2304936E&#8221; use_theme_fonts=&#8221;yes&#8221;]<div class=\"wpb_text_column\"><div class=\"wpb_wrapper\"><p style=\"text-align: center;\">This resocialization work has received various recognitions, including those granted by the Ministry of Justice and the National Penitentiary Institute of Colombia (INPEC) in 2022, the Father Diego Jaramillo Cuartas Award from UNIMINUTO University Corporation in 2022, and the Eudista Mission Training House in 2024.<\/p>\n<\/div><\/div><\/div><\/div><\/div><\/div><\/div><\/section><section class=\"l-section wpb_row us_custom_213e151c height_custom\"><div class=\"l-section-h i-cf\"><div class=\"g-cols vc_row via_flex valign_middle type_default stacking_default\"><div class=\"vc_col-sm-12 wpb_column vc_column_container\"><div class=\"vc_column-inner\"><div class=\"wpb_wrapper\"><div class=\"g-cols wpb_row us_custom_8670df0a via_flex valign_middle type_default stacking_default\"><div class=\"vc_col-sm-6 wpb_column vc_column_container\"><div class=\"vc_column-inner\"><div class=\"wpb_wrapper\"><div class=\"w-image us_custom_7a687a72 align_center\"><div class=\"w-image-h\"><img decoding=\"async\" width=\"1024\" height=\"1024\" src=\"https:\/\/fundaciondidaje.com\/en\/wp-content\/uploads\/sites\/4\/2025\/01\/fundacion-didaje-andrea-magister-teologia-1024x1024.jpg\" class=\"attachment-large size-large\" alt=\"\" loading=\"lazy\" srcset=\"https:\/\/fundaciondidaje.com\/en\/wp-content\/uploads\/sites\/4\/2025\/01\/fundacion-didaje-andrea-magister-teologia-1024x1024.jpg 1024w, https:\/\/fundaciondidaje.com\/en\/wp-content\/uploads\/sites\/4\/2025\/01\/fundacion-didaje-andrea-magister-teologia-300x300.jpg 300w, https:\/\/fundaciondidaje.com\/en\/wp-content\/uploads\/sites\/4\/2025\/01\/fundacion-didaje-andrea-magister-teologia-150x150.jpg 150w, https:\/\/fundaciondidaje.com\/en\/wp-content\/uploads\/sites\/4\/2025\/01\/fundacion-didaje-andrea-magister-teologia-600x600.jpg 600w, https:\/\/fundaciondidaje.com\/en\/wp-content\/uploads\/sites\/4\/2025\/01\/fundacion-didaje-andrea-magister-teologia-800x800.jpg 800w, https:\/\/fundaciondidaje.com\/en\/wp-content\/uploads\/sites\/4\/2025\/01\/fundacion-didaje-andrea-magister-teologia-400x400.jpg 400w, https:\/\/fundaciondidaje.com\/en\/wp-content\/uploads\/sites\/4\/2025\/01\/fundacion-didaje-andrea-magister-teologia-200x200.jpg 200w, https:\/\/fundaciondidaje.com\/en\/wp-content\/uploads\/sites\/4\/2025\/01\/fundacion-didaje-andrea-magister-teologia.jpg 1080w\" sizes=\"auto, (max-width: 1024px) 100vw, 1024px\" \/><\/div><\/div><\/div><\/div><\/div><div class=\"vc_col-sm-6 wpb_column vc_column_container\"><div class=\"vc_column-inner\"><div class=\"wpb_wrapper\">[vc_custom_heading text=&#8221;Ministry of Justice and INPEC&#8221; use_theme_fonts=&#8221;yes&#8221;]<div class=\"wpb_text_column\"><div class=\"wpb_wrapper\"><p>The Ministry of Justice and Law and the National Penitentiary and Prison Institute (INPEC) granted recognition to Andrea Ram\u00edrez Daza for her work in detention facilities through the Didaj\u00e9 Foundation Center for Research and Teaching, strengthening spiritual support programs for the incarcerated population.<\/p>\n<\/div><\/div><\/div><\/div><\/div><\/div><div class=\"w-separator size_medium\"><\/div><div class=\"g-cols wpb_row us_custom_ab298c9c via_flex valign_middle type_default stacking_default\"><div class=\"vc_col-sm-6 wpb_column vc_column_container\"><div class=\"vc_column-inner\"><div class=\"wpb_wrapper\">[vc_custom_heading text=&#8221;Father Diego Jaramillo Cuartas Award&#8221; use_theme_fonts=&#8221;yes&#8221;]<div class=\"wpb_text_column\"><div class=\"wpb_wrapper\"><p><span style=\"font-weight: 400;\">UNIMINUTO has as one of its policies the relationship and monitoring of graduates, who to date total more than 170,000 nationwide, each demonstrating the appropriation of the institutional mission, and it is each of them who, through their professional and personal development, contributes to the social and cultural dynamics of our country. After evaluating the 5 finalists, the evaluation committee decided that the winner of this third version of the Father Diego Jaramillo Cuartas Award in its third year 2022 is Andrea Ram\u00edrez Daza. The winner not only won recognition for being the most outstanding project for her work in social transformation of UNIMINUTO graduates nationwide, but also won a half scholarship for the tuition of the first semester of a postgraduate program from UNIMINUTO&#8217;s extensive portfolio and the visibility of her project at the national level.<\/span><\/p>\n<\/div><\/div><\/div><\/div><\/div><div class=\"vc_col-sm-6 wpb_column vc_column_container\"><div class=\"vc_column-inner\"><div class=\"wpb_wrapper\"><div class=\"w-image us_custom_7a687a72 align_center\"><div class=\"w-image-h\"><img decoding=\"async\" width=\"1024\" height=\"1024\" src=\"https:\/\/fundaciondidaje.com\/en\/wp-content\/uploads\/sites\/4\/2025\/01\/fundacion-didaje-reconocimiento-1024x1024.jpg\" class=\"attachment-large size-large\" alt=\"\" loading=\"lazy\" srcset=\"https:\/\/fundaciondidaje.com\/en\/wp-content\/uploads\/sites\/4\/2025\/01\/fundacion-didaje-reconocimiento-1024x1024.jpg 1024w, https:\/\/fundaciondidaje.com\/en\/wp-content\/uploads\/sites\/4\/2025\/01\/fundacion-didaje-reconocimiento-300x300.jpg 300w, https:\/\/fundaciondidaje.com\/en\/wp-content\/uploads\/sites\/4\/2025\/01\/fundacion-didaje-reconocimiento-150x150.jpg 150w, https:\/\/fundaciondidaje.com\/en\/wp-content\/uploads\/sites\/4\/2025\/01\/fundacion-didaje-reconocimiento-800x800.jpg 800w, https:\/\/fundaciondidaje.com\/en\/wp-content\/uploads\/sites\/4\/2025\/01\/fundacion-didaje-reconocimiento-600x600.jpg 600w, https:\/\/fundaciondidaje.com\/en\/wp-content\/uploads\/sites\/4\/2025\/01\/fundacion-didaje-reconocimiento-400x400.jpg 400w, https:\/\/fundaciondidaje.com\/en\/wp-content\/uploads\/sites\/4\/2025\/01\/fundacion-didaje-reconocimiento-200x200.jpg 200w, https:\/\/fundaciondidaje.com\/en\/wp-content\/uploads\/sites\/4\/2025\/01\/fundacion-didaje-reconocimiento.jpg 1080w\" sizes=\"auto, (max-width: 1024px) 100vw, 1024px\" \/><\/div><\/div><\/div><\/div><\/div><\/div><div class=\"w-separator size_medium\"><\/div><div class=\"g-cols wpb_row us_custom_8670df0a via_flex valign_middle type_default stacking_default\"><div class=\"vc_col-sm-6 wpb_column vc_column_container\"><div class=\"vc_column-inner\"><div class=\"wpb_wrapper\"><div class=\"w-image us_custom_7a687a72 align_center\"><div class=\"w-image-h\"><img decoding=\"async\" width=\"1024\" height=\"1024\" src=\"https:\/\/fundaciondidaje.com\/en\/wp-content\/uploads\/sites\/4\/2025\/01\/fundacion-didaje-reconocimiento-certificado-1024x1024.jpg\" class=\"attachment-large size-large\" alt=\"\" loading=\"lazy\" srcset=\"https:\/\/fundaciondidaje.com\/en\/wp-content\/uploads\/sites\/4\/2025\/01\/fundacion-didaje-reconocimiento-certificado-1024x1024.jpg 1024w, https:\/\/fundaciondidaje.com\/en\/wp-content\/uploads\/sites\/4\/2025\/01\/fundacion-didaje-reconocimiento-certificado-300x300.jpg 300w, https:\/\/fundaciondidaje.com\/en\/wp-content\/uploads\/sites\/4\/2025\/01\/fundacion-didaje-reconocimiento-certificado-150x150.jpg 150w, https:\/\/fundaciondidaje.com\/en\/wp-content\/uploads\/sites\/4\/2025\/01\/fundacion-didaje-reconocimiento-certificado-800x800.jpg 800w, https:\/\/fundaciondidaje.com\/en\/wp-content\/uploads\/sites\/4\/2025\/01\/fundacion-didaje-reconocimiento-certificado-600x600.jpg 600w, https:\/\/fundaciondidaje.com\/en\/wp-content\/uploads\/sites\/4\/2025\/01\/fundacion-didaje-reconocimiento-certificado-400x400.jpg 400w, https:\/\/fundaciondidaje.com\/en\/wp-content\/uploads\/sites\/4\/2025\/01\/fundacion-didaje-reconocimiento-certificado-200x200.jpg 200w, https:\/\/fundaciondidaje.com\/en\/wp-content\/uploads\/sites\/4\/2025\/01\/fundacion-didaje-reconocimiento-certificado.jpg 1080w\" sizes=\"auto, (max-width: 1024px) 100vw, 1024px\" \/><\/div><\/div><\/div><\/div><\/div><div class=\"vc_col-sm-6 wpb_column vc_column_container\"><div class=\"vc_column-inner\"><div class=\"wpb_wrapper\">[vc_custom_heading text=&#8221;Eudist Formation House La Misi\u00f3n&#8221; use_theme_fonts=&#8221;yes&#8221;]<div class=\"wpb_text_column\"><div class=\"wpb_wrapper\"><p>On February 10, 2024, the Eudist Formation House La Misi\u00f3n in Bogot\u00e1 presented a recognition and appreciation to Andrea Ram\u00edrez Daza for her life testimony and service, through which she demonstrates her love for Jesus Christ and her fellow human beings. The teacher has worked as a Biblical Sciences professor at UNIMINUTO for the last 9 years in the academic field of Eudist seminarians. This recognition was presented during the celebration &#8220;Rejoice Heart of Mary&#8221; at the Minuto de Dios Theater.<\/p>\n<\/div><\/div><\/div><\/div><\/div><\/div><div class=\"w-separator size_medium\"><\/div><\/div><\/div><\/div><\/div><\/div><\/section>\n","protected":false},"excerpt":{"rendered":"[vc_custom_heading text=\"Recognitions\" font_container=\"tag:h1|text_align:center|color:%2304936E\" use_theme_fonts=\"yes\"]This resocialization work has received various recognitions, including those granted by the Ministry of Justice and the National Penitentiary Institute of Colombia (INPEC) in 2022, the Father Diego Jaramillo Cuartas Award from UNIMINUTO University Corporation in 2022, and the Eudista Mission Training House in 2024. [vc_custom_heading text=\"Ministry of Justice and INPEC\" use_theme_fonts=\"yes\"]The...","protected":false},"author":1,"featured_media":0,"parent":0,"menu_order":0,"comment_status":"closed","ping_status":"closed","template":"","meta":{"_acf_changed":false,"_seopress_robots_primary_cat":"","_seopress_titles_title":"","_seopress_titles_desc":"","_seopress_robots_index":"","_trash_the_other_posts":false,"footnotes":""},"class_list":["post-8977","page","type-page","status-publish","hentry"],"acf":[],"_links":{"self":[{"href":"https:\/\/fundaciondidaje.com\/en\/wp-json\/wp\/v2\/pages\/8977","targetHints":{"allow":["GET"]}}],"collection":[{"href":"https:\/\/fundaciondidaje.com\/en\/wp-json\/wp\/v2\/pages"}],"about":[{"href":"https:\/\/fundaciondidaje.com\/en\/wp-json\/wp\/v2\/types\/page"}],"author":[{"embeddable":true,"href":"https:\/\/fundaciondidaje.com\/en\/wp-json\/wp\/v2\/users\/1"}],"replies":[{"embeddable":true,"href":"https:\/\/fundaciondidaje.com\/en\/wp-json\/wp\/v2\/comments?post=8977"}],"version-history":[{"count":81,"href":"https:\/\/fundaciondidaje.com\/en\/wp-json\/wp\/v2\/pages\/8977\/revisions"}],"predecessor-version":[{"id":10339,"href":"https:\/\/fundaciondidaje.com\/en\/wp-json\/wp\/v2\/pages\/8977\/revisions\/10339"}],"wp:attachment":[{"href":"https:\/\/fundaciondidaje.com\/en\/wp-json\/wp\/v2\/media?parent=8977"}],"curies":[{"name":"wp","href":"https:\/\/api.w.org\/{rel}","templated":true}]}}